{"id":231,"date":"2021-09-03T19:04:45","date_gmt":"2021-09-03T19:04:45","guid":{"rendered":"https:\/\/alanconter.anabweb.com\/?page_id=231"},"modified":"2021-09-08T14:45:49","modified_gmt":"2021-09-08T14:45:49","slug":"tarifs","status":"publish","type":"page","link":"https:\/\/alanconter.com\/?page_id=231&lang=fr","title":{"rendered":"Tarifs"},"content":{"rendered":"<p>[et_pb_section fb_built=&#8221;1&#8243; _builder_version=&#8221;4.10.6&#8243; _module_preset=&#8221;default&#8221; use_background_color_gradient=&#8221;on&#8221; background_color_gradient_start=&#8221;#010c21&#8243; background_color_gradient_end=&#8221;#376996&#8243; background_color_gradient_direction=&#8221;45deg&#8221; background_color_gradient_overlays_image=&#8221;on&#8221; background_image=&#8221;https:\/\/alanconter.com\/wp-content\/uploads\/2021\/08\/bk.jpg&#8221; background_position=&#8221;center_right&#8221; background_blend=&#8221;color&#8221; custom_padding=&#8221;1vw||1vw||false|false&#8221; locked=&#8221;off&#8221; global_colors_info=&#8221;{}&#8221;][et_pb_row _builder_version=&#8221;4.10.5&#8243; _module_preset=&#8221;default&#8221; global_colors_info=&#8221;{}&#8221;][et_pb_column type=&#8221;4_4&#8243; _builder_version=&#8221;4.10.5&#8243; _module_preset=&#8221;default&#8221; global_colors_info=&#8221;{}&#8221;][et_pb_text _builder_version=&#8221;4.10.5&#8243; _module_preset=&#8221;default&#8221; header_font=&#8221;|600|||||||&#8221; text_orientation=&#8221;center&#8221; background_layout=&#8221;dark&#8221; global_colors_info=&#8221;{}&#8221;]<\/p>\n<h1>Tarifs<\/h1>\n<p>[\/et_pb_text][\/et_pb_column][\/et_pb_row][\/et_pb_section][et_pb_section fb_built=&#8221;1&#8243; _builder_version=&#8221;4.10.5&#8243; _module_preset=&#8221;default&#8221; locked=&#8221;off&#8221; global_colors_info=&#8221;{}&#8221;][et_pb_row custom_padding_last_edited=&#8221;on|phone&#8221; _builder_version=&#8221;4.10.5&#8243; _module_preset=&#8221;default&#8221; custom_padding_tablet=&#8221;||0px||false|false&#8221; custom_padding_phone=&#8221;&#8221; global_colors_info=&#8221;{}&#8221;][et_pb_column type=&#8221;4_4&#8243; _builder_version=&#8221;4.10.5&#8243; _module_preset=&#8221;default&#8221; global_colors_info=&#8221;{}&#8221;][et_pb_text _builder_version=&#8221;4.10.6&#8243; _module_preset=&#8221;default&#8221; hover_enabled=&#8221;0&#8243; global_colors_info=&#8221;{}&#8221; sticky_enabled=&#8221;0&#8243;]<\/p>\n<p>Au cours de ma carri\u00e8re de presque 20 ans chez CBC et Radio-Canada, j\u2019ai compris l\u2019importance d\u2019accorder une oreille attentive aux propos de diverses audiences, \u00e0 leur fa\u00e7on de s\u2019exprimer. C\u2019est ce qui m\u2019a toujours permis de saisir l\u2019impact et l\u2019efficacit\u00e9 de nos topos en tant que r\u00e9alisateur des \u00e9quipes couvrant les sujets de natures locale, nationale et internationale, de la politique \u00e0 la culture. Depuis 2000, j\u2019offre des cours sur la d\u00e9ontologie journalistique et le droit, au sein du d\u00e9partement du journalisme \u00e0 l\u2019Universit\u00e9 Concordia \u2013 c\u2019est un sujet qui me passionne.<\/p>\n<p>Permettez-moi de vous aider \u00e0 peaufiner vos communications afin d\u2019atteindre vos objectifs en vous offrant mes talents d\u2019id\u00e9ateur, de r\u00e9dacteur exigeant, de r\u00e9alisateur incisif et de collaborateur fid\u00e8le.<\/p>\n<p>Mes tarifs horaires sont en dollars canadiens et n\u2019incluent pas les taxes.<\/p>\n<p>[\/et_pb_text][\/et_pb_column][\/et_pb_row][et_pb_row column_structure=&#8221;1_2,1_2&#8243; _builder_version=&#8221;4.10.5&#8243; _module_preset=&#8221;default&#8221; custom_padding=&#8221;0px||||false|false&#8221; global_colors_info=&#8221;{}&#8221;][et_pb_column type=&#8221;1_2&#8243; _builder_version=&#8221;4.10.5&#8243; _module_preset=&#8221;default&#8221; global_colors_info=&#8221;{}&#8221;][et_pb_text _builder_version=&#8221;4.10.5&#8243; _module_preset=&#8221;default&#8221; header_line_height=&#8221;1.4em&#8221; header_5_text_color=&#8221;#376996&#8243; header_5_line_height=&#8221;1.4em&#8221; border_width_right=&#8221;1px&#8221; border_color_right=&#8221;#cacaca&#8221; border_width_right_tablet=&#8221;0px&#8221; border_width_right_phone=&#8221;&#8221; border_width_right_last_edited=&#8221;on|phone&#8221; global_colors_info=&#8221;{}&#8221;]<\/p>\n<h5><strong>D\u00e9veloppement du contenu, r\u00e9daction, r\u00e9vision, sc\u00e9narisation et traduction vers l\u2019anglais<\/strong><\/h5>\n<p>90 $ \u00e0 150 $<\/p>\n<p><strong><\/strong><\/p>\n<h5><strong>R\u00e9daction de discours<\/strong><\/h5>\n<p>125 $ \u00e0 150 $[\/et_pb_text][\/et_pb_column][et_pb_column type=&#8221;1_2&#8243; _builder_version=&#8221;4.10.5&#8243; _module_preset=&#8221;default&#8221; global_colors_info=&#8221;{}&#8221;][et_pb_text _builder_version=&#8221;4.10.5&#8243; _module_preset=&#8221;default&#8221; header_5_text_color=&#8221;#376996&#8243; header_5_line_height=&#8221;1.5em&#8221; global_colors_info=&#8221;{}&#8221;]<\/p>\n<h5><strong>Formation m\u00e9diatique<\/strong><\/h5>\n<p>150 $ personne seule<br \/>\n250 $ \u00e0 300 $ pour un groupe (maximum 4 personnes)<\/p>\n<p><strong><\/strong><\/p>\n<h5><strong>Gestion de crise m\u00e9diatique<\/strong><\/h5>\n<p>\u00e0 partir de 150 $[\/et_pb_text][\/et_pb_column][\/et_pb_row][\/et_pb_section]<\/p>\n","protected":false},"excerpt":{"rendered":"<p>TarifsAu cours de ma carri\u00e8re de presque 20 ans chez CBC et Radio-Canada, j\u2019ai compris l\u2019importance d\u2019accorder une oreille attentive aux propos de diverses audiences, \u00e0 leur fa\u00e7on de s\u2019exprimer. C\u2019est ce qui m\u2019a toujours permis de saisir l\u2019impact et l\u2019efficacit\u00e9 de nos topos en tant que r\u00e9alisateur des \u00e9quipes couvrant les sujets de natures [&hellip;]<\/p>\n","protected":false},"author":1,"featured_media":0,"parent":0,"menu_order":0,"comment_status":"closed","ping_status":"closed","template":"","meta":{"_et_pb_use_builder":"on","_et_pb_old_content":"","_et_gb_content_width":"","footnotes":""},"class_list":["post-231","page","type-page","status-publish","hentry"],"_links":{"self":[{"href":"https:\/\/alanconter.com\/index.php?rest_route=\/wp\/v2\/pages\/231","targetHints":{"allow":["GET"]}}],"collection":[{"href":"https:\/\/alanconter.com\/index.php?rest_route=\/wp\/v2\/pages"}],"about":[{"href":"https:\/\/alanconter.com\/index.php?rest_route=\/wp\/v2\/types\/page"}],"author":[{"embeddable":true,"href":"https:\/\/alanconter.com\/index.php?rest_route=\/wp\/v2\/users\/1"}],"replies":[{"embeddable":true,"href":"https:\/\/alanconter.com\/index.php?rest_route=%2Fwp%2Fv2%2Fcomments&post=231"}],"version-history":[{"count":6,"href":"https:\/\/alanconter.com\/index.php?rest_route=\/wp\/v2\/pages\/231\/revisions"}],"predecessor-version":[{"id":285,"href":"https:\/\/alanconter.com\/index.php?rest_route=\/wp\/v2\/pages\/231\/revisions\/285"}],"wp:attachment":[{"href":"https:\/\/alanconter.com\/index.php?rest_route=%2Fwp%2Fv2%2Fmedia&parent=231"}],"curies":[{"name":"wp","href":"https:\/\/api.w.org\/{rel}","templated":true}]}}