{"id":220,"date":"2021-09-03T19:00:20","date_gmt":"2021-09-03T19:00:20","guid":{"rendered":"https:\/\/alanconter.anabweb.com\/?page_id=220"},"modified":"2021-09-08T14:43:48","modified_gmt":"2021-09-08T14:43:48","slug":"contenu","status":"publish","type":"page","link":"https:\/\/alanconter.com\/?page_id=220&lang=fr","title":{"rendered":"Contenu"},"content":{"rendered":"<p>[et_pb_section fb_built=&#8221;1&#8243; _builder_version=&#8221;4.10.6&#8243; _module_preset=&#8221;default&#8221; use_background_color_gradient=&#8221;on&#8221; background_color_gradient_start=&#8221;#010c21&#8243; background_color_gradient_end=&#8221;#376996&#8243; background_color_gradient_direction=&#8221;45deg&#8221; background_color_gradient_overlays_image=&#8221;on&#8221; background_image=&#8221;https:\/\/alanconter.com\/wp-content\/uploads\/2021\/08\/bk.jpg&#8221; background_position=&#8221;center_right&#8221; background_blend=&#8221;color&#8221; custom_padding=&#8221;1vw||1vw||false|false&#8221; locked=&#8221;off&#8221; global_colors_info=&#8221;{}&#8221;][et_pb_row _builder_version=&#8221;4.10.5&#8243; _module_preset=&#8221;default&#8221; global_colors_info=&#8221;{}&#8221;][et_pb_column type=&#8221;4_4&#8243; _builder_version=&#8221;4.10.5&#8243; _module_preset=&#8221;default&#8221; global_colors_info=&#8221;{}&#8221;][et_pb_text _builder_version=&#8221;4.10.5&#8243; _module_preset=&#8221;default&#8221; header_font=&#8221;|600|||||||&#8221; text_orientation=&#8221;center&#8221; background_layout=&#8221;dark&#8221; global_colors_info=&#8221;{}&#8221;]<\/p>\n<h1>Contenu<\/h1>\n<p>[\/et_pb_text][\/et_pb_column][\/et_pb_row][\/et_pb_section][et_pb_section fb_built=&#8221;1&#8243; _builder_version=&#8221;4.10.5&#8243; _module_preset=&#8221;default&#8221; locked=&#8221;off&#8221; global_colors_info=&#8221;{}&#8221;][et_pb_row _builder_version=&#8221;4.10.5&#8243; _module_preset=&#8221;default&#8221; global_colors_info=&#8221;{}&#8221;][et_pb_column type=&#8221;4_4&#8243; _builder_version=&#8221;4.10.5&#8243; _module_preset=&#8221;default&#8221; global_colors_info=&#8221;{}&#8221;][et_pb_text _builder_version=&#8221;4.10.6&#8243; _module_preset=&#8221;default&#8221; global_colors_info=&#8221;{}&#8221;]Messages et m\u00e9dias doivent s\u2019accorder.<\/p>\n<p>Un message qui passe merveilleusement bien dans un m\u00e9dia risque de ne pas avoir le m\u00eame impact lorsqu\u2019on le transpose dans un autre m\u00e9dia. J\u2019ai d\u00e9velopp\u00e9 une expertise pertinente dans la cr\u00e9ation de contenu efficace, que ce soit pour l\u2019imprim\u00e9, l\u2019audio, la vid\u00e9o et via diff\u00e9rentes plateformes num\u00e9riques. D\u00e9pendant des objectifs strat\u00e9giques de votre organisation, nous pouvons concevoir du contenu qui se traduira facilement d\u2019un m\u00e9dia \u00e0 un autre, avec un retentissement \u00e9gal. <\/p>\n<p>Mon exp\u00e9rience englobe du travail en collaboration avec des agences de relations publiques et de la publicit\u00e9, ainsi qu\u2019en lien direct avec des clients.[\/et_pb_text][\/et_pb_column][\/et_pb_row][\/et_pb_section][et_pb_section fb_built=&#8221;1&#8243; _builder_version=&#8221;4.10.5&#8243; _module_preset=&#8221;default&#8221; background_color=&#8221;#e6f1f9&#8243; locked=&#8221;off&#8221; global_colors_info=&#8221;{}&#8221;][et_pb_row column_structure=&#8221;1_2,1_2&#8243; _builder_version=&#8221;4.10.5&#8243; _module_preset=&#8221;default&#8221; global_colors_info=&#8221;{}&#8221;][et_pb_column type=&#8221;1_2&#8243; _builder_version=&#8221;4.10.5&#8243; _module_preset=&#8221;default&#8221; global_colors_info=&#8221;{}&#8221;][et_pb_text _builder_version=&#8221;4.10.6&#8243; _module_preset=&#8221;default&#8221; header_3_line_height=&#8221;1.5em&#8221; hover_enabled=&#8221;0&#8243; global_colors_info=&#8221;{}&#8221; sticky_enabled=&#8221;0&#8243;]<\/p>\n<h3>Services :<\/h3>\n<ul class=\"star\">\n<li>Discours<\/li>\n<li>Textes de publicit\u00e9s audios et vid\u00e9os<\/li>\n<li>Sc\u00e9narisation de vid\u00e9os promotionnelles ou de formation<\/li>\n<li>Mat\u00e9riel multim\u00e9dia d\u2019information pour des patients<\/li>\n<li>Formation\/\u00e9ducation permanente pour les prestataires de soins de sant\u00e9<\/li>\n<li>Formation m\u00e9dia pour membres de la direction et repr\u00e9sentants de relations publiques<\/li>\n<\/ul>\n<p>[\/et_pb_text][\/et_pb_column][et_pb_column type=&#8221;1_2&#8243; _builder_version=&#8221;4.10.5&#8243; _module_preset=&#8221;default&#8221; global_colors_info=&#8221;{}&#8221;][et_pb_image src=&#8221;https:\/\/alanconter.com\/wp-content\/uploads\/2021\/09\/books.png&#8221; title_text=&#8221;books&#8221; align=&#8221;center&#8221; _builder_version=&#8221;4.10.6&#8243; _module_preset=&#8221;default&#8221; width=&#8221;100%&#8221; global_colors_info=&#8221;{}&#8221;][\/et_pb_image][\/et_pb_column][\/et_pb_row][\/et_pb_section]<\/p>\n","protected":false},"excerpt":{"rendered":"<p>ContenuMessages et m\u00e9dias doivent s\u2019accorder. Un message qui passe merveilleusement bien dans un m\u00e9dia risque de ne pas avoir le m\u00eame impact lorsqu\u2019on le transpose dans un autre m\u00e9dia. J\u2019ai d\u00e9velopp\u00e9 une expertise pertinente dans la cr\u00e9ation de contenu efficace, que ce soit pour l\u2019imprim\u00e9, l\u2019audio, la vid\u00e9o et via diff\u00e9rentes plateformes num\u00e9riques. D\u00e9pendant des [&hellip;]<\/p>\n","protected":false},"author":1,"featured_media":0,"parent":0,"menu_order":0,"comment_status":"closed","ping_status":"closed","template":"","meta":{"_et_pb_use_builder":"on","_et_pb_old_content":"","_et_gb_content_width":"","footnotes":""},"class_list":["post-220","page","type-page","status-publish","hentry"],"_links":{"self":[{"href":"https:\/\/alanconter.com\/index.php?rest_route=\/wp\/v2\/pages\/220","targetHints":{"allow":["GET"]}}],"collection":[{"href":"https:\/\/alanconter.com\/index.php?rest_route=\/wp\/v2\/pages"}],"about":[{"href":"https:\/\/alanconter.com\/index.php?rest_route=\/wp\/v2\/types\/page"}],"author":[{"embeddable":true,"href":"https:\/\/alanconter.com\/index.php?rest_route=\/wp\/v2\/users\/1"}],"replies":[{"embeddable":true,"href":"https:\/\/alanconter.com\/index.php?rest_route=%2Fwp%2Fv2%2Fcomments&post=220"}],"version-history":[{"count":10,"href":"https:\/\/alanconter.com\/index.php?rest_route=\/wp\/v2\/pages\/220\/revisions"}],"predecessor-version":[{"id":283,"href":"https:\/\/alanconter.com\/index.php?rest_route=\/wp\/v2\/pages\/220\/revisions\/283"}],"wp:attachment":[{"href":"https:\/\/alanconter.com\/index.php?rest_route=%2Fwp%2Fv2%2Fmedia&parent=220"}],"curies":[{"name":"wp","href":"https:\/\/api.w.org\/{rel}","templated":true}]}}