{"id":206,"date":"2021-09-03T18:51:26","date_gmt":"2021-09-03T18:51:26","guid":{"rendered":"https:\/\/alanconter.anabweb.com\/home-francais\/"},"modified":"2021-09-09T13:52:33","modified_gmt":"2021-09-09T13:52:33","slug":"home-francais","status":"publish","type":"page","link":"https:\/\/alanconter.com\/?page_id=206&lang=fr","title":{"rendered":"Home &#8211; Fran\u00e7ais"},"content":{"rendered":"<p>[et_pb_section fb_built=&#8221;1&#8243; _builder_version=&#8221;4.10.6&#8243; _module_preset=&#8221;default&#8221; use_background_color_gradient=&#8221;on&#8221; background_color_gradient_start=&#8221;#010c21&#8243; background_color_gradient_end=&#8221;#376996&#8243; background_color_gradient_direction=&#8221;45deg&#8221; background_color_gradient_overlays_image=&#8221;on&#8221; background_image=&#8221;https:\/\/alanconter.com\/wp-content\/uploads\/2021\/08\/bk.jpg&#8221; background_position=&#8221;center_right&#8221; background_blend=&#8221;color&#8221; custom_padding=&#8221;0px||0px||true|false&#8221; locked=&#8221;off&#8221; global_colors_info=&#8221;{}&#8221;][et_pb_row column_structure=&#8221;1_2,1_2&#8243; use_custom_gutter=&#8221;on&#8221; gutter_width=&#8221;2&#8243; _builder_version=&#8221;4.10.5&#8243; _module_preset=&#8221;default&#8221; background_enable_image=&#8221;off&#8221; background_size=&#8221;initial&#8221; background_position=&#8221;top_left&#8221; custom_padding=&#8221;||0px||false|false&#8221; global_colors_info=&#8221;{}&#8221;][et_pb_column type=&#8221;1_2&#8243; _builder_version=&#8221;4.10.5&#8243; _module_preset=&#8221;default&#8221; custom_padding=&#8221;8vw||||false|false&#8221; global_colors_info=&#8221;{}&#8221;][et_pb_text _builder_version=&#8221;4.10.5&#8243; _module_preset=&#8221;default&#8221; header_font=&#8221;||||||||&#8221; header_font_size=&#8221;54px&#8221; header_line_height=&#8221;1.3em&#8221; text_orientation=&#8221;center&#8221; background_layout=&#8221;dark&#8221; global_colors_info=&#8221;{}&#8221;]<\/p>\n<h1>Alan Conter<\/h1>\n<p>[\/et_pb_text][et_pb_text _builder_version=&#8221;4.10.5&#8243; _module_preset=&#8221;default&#8221; text_font=&#8221;|600||on|||||&#8221; text_font_size=&#8221;28px&#8221; text_line_height=&#8221;1.5em&#8221; background_enable_color=&#8221;off&#8221; text_orientation=&#8221;center&#8221; background_layout=&#8221;dark&#8221; text_font_size_tablet=&#8221;&#8221; text_font_size_phone=&#8221;24px&#8221; text_font_size_last_edited=&#8221;on|phone&#8221; global_colors_info=&#8221;{}&#8221;]<\/p>\n<p>Creative communications Communications cr<span data-story-id=\"story_b08cc44ce10fcae2d2df11718d793cb7\" data-room-id=\"room_1dfd2ea515163b5d8a2150619432d083\" data-timestamp=\"1630595239368\" data-text=\"\u00c9\" data-userid=\"1430902931228024832\" data-orgid=\"1430902931228024833\">\u00c9<\/span>atives<\/p>\n<p>[\/et_pb_text][\/et_pb_column][et_pb_column type=&#8221;1_2&#8243; _builder_version=&#8221;4.10.5&#8243; _module_preset=&#8221;default&#8221; global_colors_info=&#8221;{}&#8221;][et_pb_image src=&#8221;https:\/\/alanconter.com\/wp-content\/uploads\/2021\/08\/alan.png&#8221; title_text=&#8221;alan&#8221; _builder_version=&#8221;4.10.6&#8243; _module_preset=&#8221;default&#8221; animation_style=&#8221;fade&#8221; global_colors_info=&#8221;{}&#8221;][\/et_pb_image][\/et_pb_column][\/et_pb_row][\/et_pb_section][et_pb_section fb_built=&#8221;1&#8243; custom_padding_last_edited=&#8221;on|phone&#8221; _builder_version=&#8221;4.10.5&#8243; _module_preset=&#8221;default&#8221; custom_padding_tablet=&#8221;&#8221; custom_padding_phone=&#8221;||0px||false|false&#8221; locked=&#8221;off&#8221; global_colors_info=&#8221;{}&#8221;][et_pb_row _builder_version=&#8221;4.10.5&#8243; _module_preset=&#8221;default&#8221; global_colors_info=&#8221;{}&#8221;][et_pb_column type=&#8221;4_4&#8243; _builder_version=&#8221;4.10.5&#8243; _module_preset=&#8221;default&#8221; global_colors_info=&#8221;{}&#8221;][et_pb_text _builder_version=&#8221;4.10.6&#8243; _module_preset=&#8221;default&#8221; text_font_size=&#8221;22px&#8221; text_line_height=&#8221;1.6em&#8221; text_orientation=&#8221;center&#8221; global_colors_info=&#8221;{}&#8221;]Je suis conseiller ind\u00e9pendant en m\u00e9dias et communications, id\u00e9ateur, r\u00e9dacteur et r\u00e9alisateur.<\/p>\n<p>Mon objectif est de vous aider \u00e0 mettre en valeur vos id\u00e9es en les synth\u00e9tisant et en les rendant captivantes et m\u00e9morables. Ensemble, nous cr\u00e9ons des messages qui auront un impact.[\/et_pb_text][\/et_pb_column][\/et_pb_row][\/et_pb_section][et_pb_section fb_built=&#8221;1&#8243; custom_padding_last_edited=&#8221;on|phone&#8221; _builder_version=&#8221;4.10.5&#8243; _module_preset=&#8221;default&#8221; custom_padding_tablet=&#8221;&#8221; custom_padding_phone=&#8221;0px||||false|false&#8221; locked=&#8221;off&#8221; global_colors_info=&#8221;{}&#8221;][et_pb_row column_structure=&#8221;1_3,1_3,1_3&#8243; _builder_version=&#8221;4.10.5&#8243; _module_preset=&#8221;default&#8221; global_colors_info=&#8221;{}&#8221;][et_pb_column type=&#8221;1_3&#8243; _builder_version=&#8221;4.10.5&#8243; _module_preset=&#8221;default&#8221; global_colors_info=&#8221;{}&#8221;][et_pb_blurb title=&#8221;Strat\u00e9gie&#8221; image=&#8221;https:\/\/alanconter.com\/wp-content\/uploads\/2021\/08\/icon-strategy.png&#8221; _builder_version=&#8221;4.10.6&#8243; _dynamic_attributes=&#8221;link_option_url&#8221; _module_preset=&#8221;default&#8221; header_font=&#8221;|600|||||||&#8221; text_orientation=&#8221;center&#8221; link_option_url=&#8221;@ET-DC@eyJkeW5hbWljIjp0cnVlLCJjb250ZW50IjoicG9zdF9saW5rX3VybF9wYWdlIiwic2V0dGluZ3MiOnsicG9zdF9pZCI6IjIxMyJ9fQ==@&#8221; hover_enabled=&#8221;0&#8243; global_colors_info=&#8221;{}&#8221; sticky_enabled=&#8221;0&#8243;]<\/p>\n<p>Une communication efficace repose sur une approche strat\u00e9gique. Nous identifions les publics-cibles et cernons les d\u00e9marches pour les rejoindre et les retenir.<\/p>\n<p>[\/et_pb_blurb][\/et_pb_column][et_pb_column type=&#8221;1_3&#8243; _builder_version=&#8221;4.10.5&#8243; _module_preset=&#8221;default&#8221; global_colors_info=&#8221;{}&#8221;][et_pb_blurb title=&#8221;Contenu&#8221; image=&#8221;https:\/\/alanconter.com\/wp-content\/uploads\/2021\/08\/icon-content.png&#8221; _builder_version=&#8221;4.10.6&#8243; _dynamic_attributes=&#8221;link_option_url&#8221; _module_preset=&#8221;default&#8221; header_font=&#8221;|600|||||||&#8221; text_orientation=&#8221;center&#8221; link_option_url=&#8221;@ET-DC@eyJkeW5hbWljIjp0cnVlLCJjb250ZW50IjoicG9zdF9saW5rX3VybF9wYWdlIiwic2V0dGluZ3MiOnsicG9zdF9pZCI6IjIyMCJ9fQ==@&#8221; global_colors_info=&#8221;{}&#8221;]<\/p>\n<p>En communication peu \u00e9tant mieux, la concision favorise la concentration. Simplicit\u00e9, clart\u00e9, focus.<\/p>\n<p>[\/et_pb_blurb][\/et_pb_column][et_pb_column type=&#8221;1_3&#8243; _builder_version=&#8221;4.10.5&#8243; _module_preset=&#8221;default&#8221; global_colors_info=&#8221;{}&#8221;][et_pb_blurb title=&#8221;Texte&#8221; image=&#8221;https:\/\/alanconter.com\/wp-content\/uploads\/2021\/08\/icon-text.png&#8221; _builder_version=&#8221;4.10.6&#8243; _dynamic_attributes=&#8221;link_option_url&#8221; _module_preset=&#8221;default&#8221; header_font=&#8221;|600|||||||&#8221; text_orientation=&#8221;center&#8221; link_option_url=&#8221;@ET-DC@eyJkeW5hbWljIjp0cnVlLCJjb250ZW50IjoicG9zdF9saW5rX3VybF9wYWdlIiwic2V0dGluZ3MiOnsicG9zdF9pZCI6IjIyNSJ9fQ==@&#8221; global_colors_info=&#8221;{}&#8221;]Les mots comptent. Que ce soit pour un clip de 15 ou 30 secondes, une vid\u00e9o de formation continue, un projet multim\u00e9dia, un rapport annuel ou un discours, j\u2019accorde toujours une attention particuli\u00e8re \u00e0 trouver le mot juste. [\/et_pb_blurb][\/et_pb_column][\/et_pb_row][\/et_pb_section]<\/p>\n","protected":false},"excerpt":{"rendered":"<p>Alan ConterCreative communications Communications cr\u00c9ativesJe suis conseiller ind\u00e9pendant en m\u00e9dias et communications, id\u00e9ateur, r\u00e9dacteur et r\u00e9alisateur. Mon objectif est de vous aider \u00e0 mettre en valeur vos id\u00e9es en les synth\u00e9tisant et en les rendant captivantes et m\u00e9morables. Ensemble, nous cr\u00e9ons des messages qui auront un impact.Une communication efficace repose sur une approche strat\u00e9gique. Nous [&hellip;]<\/p>\n","protected":false},"author":1,"featured_media":0,"parent":0,"menu_order":0,"comment_status":"closed","ping_status":"closed","template":"","meta":{"_et_pb_use_builder":"on","_et_pb_old_content":"","_et_gb_content_width":"","footnotes":""},"class_list":["post-206","page","type-page","status-publish","hentry"],"_links":{"self":[{"href":"https:\/\/alanconter.com\/index.php?rest_route=\/wp\/v2\/pages\/206","targetHints":{"allow":["GET"]}}],"collection":[{"href":"https:\/\/alanconter.com\/index.php?rest_route=\/wp\/v2\/pages"}],"about":[{"href":"https:\/\/alanconter.com\/index.php?rest_route=\/wp\/v2\/types\/page"}],"author":[{"embeddable":true,"href":"https:\/\/alanconter.com\/index.php?rest_route=\/wp\/v2\/users\/1"}],"replies":[{"embeddable":true,"href":"https:\/\/alanconter.com\/index.php?rest_route=%2Fwp%2Fv2%2Fcomments&post=206"}],"version-history":[{"count":12,"href":"https:\/\/alanconter.com\/index.php?rest_route=\/wp\/v2\/pages\/206\/revisions"}],"predecessor-version":[{"id":286,"href":"https:\/\/alanconter.com\/index.php?rest_route=\/wp\/v2\/pages\/206\/revisions\/286"}],"wp:attachment":[{"href":"https:\/\/alanconter.com\/index.php?rest_route=%2Fwp%2Fv2%2Fmedia&parent=206"}],"curies":[{"name":"wp","href":"https:\/\/api.w.org\/{rel}","templated":true}]}}